{"id":24178,"date":"2023-12-07T17:19:54","date_gmt":"2023-12-07T16:19:54","guid":{"rendered":"https:\/\/www.locgeek.com\/?page_id=24178"},"modified":"2023-12-07T17:20:18","modified_gmt":"2023-12-07T16:20:18","slug":"la-shopping-list","status":"publish","type":"page","link":"https:\/\/www.locgeek.com\/fr\/la-shopping-list\/","title":{"rendered":"La shopping list"},"content":{"rendered":"<p>[et_pb_section fb_built=\u00a0\u00bb1&Prime; admin_label=\u00a0\u00bbShop\u00a0\u00bb _builder_version=\u00a0\u00bb4.16&Prime; locked=\u00a0\u00bboff\u00a0\u00bb global_colors_info=\u00a0\u00bb{}\u00a0\u00bb][et_pb_row _builder_version=\u00a0\u00bb4.16&Prime; _module_preset=\u00a0\u00bbdefault\u00a0\u00bb global_colors_info=\u00a0\u00bb{}\u00a0\u00bb][et_pb_column type=\u00a0\u00bb4_4&Prime; _builder_version=\u00a0\u00bb4.16&Prime; _module_preset=\u00a0\u00bbdefault\u00a0\u00bb global_colors_info=\u00a0\u00bb{}\u00a0\u00bb][et_pb_text _builder_version=\u00a0\u00bb4.16&Prime; _module_preset=\u00a0\u00bbdefault\u00a0\u00bb global_colors_info=\u00a0\u00bb{}\u00a0\u00bb]<\/p>\n<blockquote>\n<p><strong>La liste n&rsquo;a pas encore \u00e9t\u00e9 traduite en fran\u00e7ais, vous pouvez consulter <a href=\"https:\/\/www.locgeek.com\/shoppinglist\/\">la page en anglais ici<\/a>.<\/strong><\/p>\n<\/blockquote>\n<p>N&rsquo;oubliez pas de visiter la page sur le <a href=\"https:\/\/www.locgeek.com\/fr\/livre-comprendre-le-digital\/\">livre pour d\u00e9couvrir le digital.<\/a><\/p>\n<p>[\/et_pb_text][\/et_pb_column][\/et_pb_row][\/et_pb_section]<\/p>\n","protected":false},"excerpt":{"rendered":"<p>La liste n&rsquo;a pas encore \u00e9t\u00e9 traduite en fran\u00e7ais, vous pouvez consulter la page en anglais ici. N&rsquo;oubliez pas de visiter la page sur le livre pour d\u00e9couvrir le digital.<\/p>\n","protected":false},"author":2,"featured_media":0,"parent":0,"menu_order":0,"comment_status":"closed","ping_status":"closed","template":"","meta":{"_et_pb_use_builder":"on","_et_pb_old_content":"","_et_gb_content_width":"","footnotes":""},"class_list":["post-24178","page","type-page","status-publish","hentry"],"_links":{"self":[{"href":"https:\/\/www.locgeek.com\/fr\/wp-json\/wp\/v2\/pages\/24178","targetHints":{"allow":["GET"]}}],"collection":[{"href":"https:\/\/www.locgeek.com\/fr\/wp-json\/wp\/v2\/pages"}],"about":[{"href":"https:\/\/www.locgeek.com\/fr\/wp-json\/wp\/v2\/types\/page"}],"author":[{"embeddable":true,"href":"https:\/\/www.locgeek.com\/fr\/wp-json\/wp\/v2\/users\/2"}],"replies":[{"embeddable":true,"href":"https:\/\/www.locgeek.com\/fr\/wp-json\/wp\/v2\/comments?post=24178"}],"version-history":[{"count":0,"href":"https:\/\/www.locgeek.com\/fr\/wp-json\/wp\/v2\/pages\/24178\/revisions"}],"wp:attachment":[{"href":"https:\/\/www.locgeek.com\/fr\/wp-json\/wp\/v2\/media?parent=24178"}],"curies":[{"name":"wp","href":"https:\/\/api.w.org\/{rel}","templated":true}]}}