{"id":24125,"date":"2023-12-07T17:07:05","date_gmt":"2023-12-07T16:07:05","guid":{"rendered":"https:\/\/www.locgeek.com\/?page_id=24125"},"modified":"2023-12-28T00:23:14","modified_gmt":"2023-12-27T23:23:14","slug":"livre-comprendre-le-digital","status":"publish","type":"page","link":"https:\/\/www.locgeek.com\/fr\/livre-comprendre-le-digital\/","title":{"rendered":"Le livre LocGeek pour Comprendre le digital"},"content":{"rendered":"<p>[et_pb_section fb_built=\u00a0\u00bb1&Prime; admin_label=\u00a0\u00bbHeader\u00a0\u00bb _builder_version=\u00a0\u00bb4.16&Prime; use_background_color_gradient=\u00a0\u00bbon\u00a0\u00bb background_color_gradient_direction=\u00a0\u00bb124deg\u00a0\u00bb background_color_gradient_stops=\u00a0\u00bbrgba(255,255,255,0.1) 30%|#1993c7 90%\u00a0\u00bb background_color_gradient_start=\u00a0\u00bbrgba(255,255,255,0.1)\u00a0\u00bb background_color_gradient_start_position=\u00a0\u00bb30%\u00a0\u00bb background_color_gradient_end=\u00a0\u00bb#1993c7&Prime; background_color_gradient_end_position=\u00a0\u00bb90%\u00a0\u00bb background_enable_image=\u00a0\u00bboff\u00a0\u00bb background_position=\u00a0\u00bbbottom_center\u00a0\u00bb custom_padding=\u00a0\u00bb5vw||5vw||true|\u00a0\u00bb border_color_all=\u00a0\u00bb#1993c7&Prime; border_width_left=\u00a0\u00bb10px\u00a0\u00bb global_colors_info=\u00a0\u00bb{}\u00a0\u00bb][et_pb_row column_structure=\u00a0\u00bb1_2,1_2&Prime; use_custom_gutter=\u00a0\u00bbon\u00a0\u00bb gutter_width=\u00a0\u00bb4&Prime; _builder_version=\u00a0\u00bb4.16&Prime; background_size=\u00a0\u00bbcontain\u00a0\u00bb background_position=\u00a0\u00bbbottom_center\u00a0\u00bb max_width=\u00a0\u00bb1280px\u00a0\u00bb global_colors_info=\u00a0\u00bb{}\u00a0\u00bb][et_pb_column type=\u00a0\u00bb1_2&Prime; _builder_version=\u00a0\u00bb4.16&Prime; custom_padding=\u00a0\u00bb40px|||\u00a0\u00bb custom_padding_tablet=\u00a0\u00bb0vw|||\u00a0\u00bb global_colors_info=\u00a0\u00bb{}\u00a0\u00bb custom_padding__hover=\u00a0\u00bb|||\u00a0\u00bb][et_pb_text _builder_version=\u00a0\u00bb4.23.1&Prime; text_font=\u00a0\u00bb||||||||\u00a0\u00bb text_text_color=\u00a0\u00bb#000000&Prime; text_font_size=\u00a0\u00bb18px\u00a0\u00bb text_line_height=\u00a0\u00bb1.8em\u00a0\u00bb header_font=\u00a0\u00bbMontserrat|800||on|||||\u00a0\u00bb header_text_color=\u00a0\u00bb#000000&Prime; header_font_size=\u00a0\u00bb3.1vw\u00a0\u00bb header_line_height=\u00a0\u00bb1.1em\u00a0\u00bb custom_margin=\u00a0\u00bb||30px|||\u00a0\u00bb text_font_size_tablet=\u00a0\u00bb16px\u00a0\u00bb text_font_size_phone=\u00a0\u00bb14px\u00a0\u00bb text_font_size_last_edited=\u00a0\u00bbon|phone\u00a0\u00bb text_line_height_tablet=\u00a0\u00bb1.8em\u00a0\u00bb text_line_height_phone=\u00a0\u00bb1.7em\u00a0\u00bb text_line_height_last_edited=\u00a0\u00bboff|phone\u00a0\u00bb header_font_size_tablet=\u00a0\u00bb8vw\u00a0\u00bb header_font_size_phone=\u00a0\u00bb10vw\u00a0\u00bb header_font_size_last_edited=\u00a0\u00bbon|phone\u00a0\u00bb global_colors_info=\u00a0\u00bb{}\u00a0\u00bb]<\/p>\n<h1>Trains miniatures : comprendre le digital<\/h1>\n<p>Le guide id\u00e9al pour d\u00e9buter et comprendre les concepts du digital, d\u00e9sormais en fran\u00e7ais aussi.<\/p>\n<p>[\/et_pb_text][et_pb_button button_url=\u00a0\u00bbhttps:\/\/www.amazon.fr\/dp\/B0CQXSXD5S\u00a0\u00bb button_text=\u00a0\u00bbCommandez ici (Livre papier ou Kindle)\u00a0\u00bb _builder_version=\u00a0\u00bb4.23.2&Prime; custom_button=\u00a0\u00bbon\u00a0\u00bb button_text_size=\u00a0\u00bb16px\u00a0\u00bb button_text_color=\u00a0\u00bb#ffffff\u00a0\u00bb button_bg_color=\u00a0\u00bb#1993c7&Prime; button_border_width=\u00a0\u00bb2px\u00a0\u00bb button_border_radius=\u00a0\u00bb2px\u00a0\u00bb button_font=\u00a0\u00bbMontserrat|700|||||||\u00a0\u00bb button_icon=\u00a0\u00bb&#x3d;||divi||400&Prime; button_icon_color=\u00a0\u00bb#FFFFFF\u00a0\u00bb custom_margin=\u00a0\u00bb||16px\u00a0\u00bb custom_padding=\u00a0\u00bb18px|40px|18px|40px|true|true\u00a0\u00bb hover_enabled=\u00a0\u00bb0&Prime; global_colors_info=\u00a0\u00bb{}\u00a0\u00bb sticky_enabled=\u00a0\u00bb0&Prime; url_new_window=\u00a0\u00bbon\u00a0\u00bb][\/et_pb_button][et_pb_text _builder_version=\u00a0\u00bb4.23.2&Prime; _module_preset=\u00a0\u00bbdefault\u00a0\u00bb min_height=\u00a0\u00bb77.5px\u00a0\u00bb custom_margin=\u00a0\u00bb||-39px|||\u00a0\u00bb global_colors_info=\u00a0\u00bb{}\u00a0\u00bb]<\/p>\n<p>Aussi disponible sur :<\/p>\n<p>[\/et_pb_text][et_pb_text _builder_version=\u00a0\u00bb4.23.2&Prime; _module_preset=\u00a0\u00bbdefault\u00a0\u00bb custom_padding=\u00a0\u00bb1px||0px|||\u00a0\u00bb hover_enabled=\u00a0\u00bb0&Prime; global_colors_info=\u00a0\u00bb{}\u00a0\u00bb sticky_enabled=\u00a0\u00bb0&Prime; border_color_all=\u00a0\u00bbRGBA(255,255,255,0)\u00a0\u00bb]<\/p>\n<table style=\"width: 100%; border-collapse: collapse; margin-left: auto; margin-right: auto; background-color: transparent;\">\n<tbody>\n<tr style=\"text-align: center; vertical-align: middle;\">\n<td style=\"width: 33.3333%;\"><a href=\"https:\/\/books.apple.com\/fr\/book\/trains-miniatures-comprendre-le-digital\/id6475000758?ls=1\" target=\"_blank\" rel=\"noopener\"><img decoding=\"async\" src=\"https:\/\/tools.applemediaservices.com\/api\/badges\/get-it-on-apple-books\/badge\/fr-fr?size=250x83&amp;releaseDate=1617926400\" alt=\"Get it on Apple Books\" style=\"border-radius: 13px; height: 40px; width: auto;\" \/><\/a><\/td>\n<td style=\"width: 33.3333%;\"><a href=\"https:\/\/www.kobo.com\/fr\/fr\/ebook\/trains-miniatures-comprendre-le-digital\" target=\"_blank\" rel=\"noopener\"><img decoding=\"async\" src=\"https:\/\/www.locgeek.com\/wp-content\/uploads\/2021\/09\/KoboApp.png\" alt=\"Kobo App\" style=\"height: 40px; width: auto; display: block; margin-left: auto; margin-right: auto;\" \/><\/a><\/td>\n<td style=\"width: 33.3333%;\"><a href=\"https:\/\/play.google.com\/store\/books\/details?id=whHrEAAAQBAJ&amp;pcampaignid=pcampaignidMKT-Other-global-all-co-prtnr-py-PartBadge-Mar2515-1\" target=\"_blank\" rel=\"noopener\"><img decoding=\"async\" src=\"https:\/\/play.google.com\/intl\/en_us\/badges\/static\/images\/badges\/fr_badge_web_generic.png\" alt=\"Disponible sur Google Play\" style=\"border-radius: 13px; height: 50px; width: auto;\" \/><br \/><\/a><\/td>\n<\/tr>\n<\/tbody>\n<\/table>\n<p>[\/et_pb_text][\/et_pb_column][et_pb_column type=\u00a0\u00bb1_2&Prime; _builder_version=\u00a0\u00bb4.16&Prime; custom_padding=\u00a0\u00bb|||\u00a0\u00bb global_colors_info=\u00a0\u00bb{}\u00a0\u00bb custom_padding__hover=\u00a0\u00bb|||\u00a0\u00bb][et_pb_image src=\u00a0\u00bbhttps:\/\/www.locgeek.com\/wp-content\/uploads\/2023\/12\/COVER-front-2-scaled.jpeg\u00a0\u00bb alt=\u00a0\u00bbTrains Miniatures : comprendre le digital en livre\u00a0\u00bb title_text=\u00a0\u00bbTrains Miniatures : comprendre le digital\u00a0\u00bb _builder_version=\u00a0\u00bb4.23.2&Prime; max_width=\u00a0\u00bb480px\u00a0\u00bb animation_direction=\u00a0\u00bbbottom\u00a0\u00bb hover_enabled=\u00a0\u00bb0&Prime; box_shadow_style=\u00a0\u00bbpreset3&Prime; box_shadow_vertical=\u00a0\u00bb40px\u00a0\u00bb box_shadow_blur=\u00a0\u00bb80px\u00a0\u00bb box_shadow_spread=\u00a0\u00bb-20px\u00a0\u00bb box_shadow_color=\u00a0\u00bbrgba(0,0,0,0.8)\u00a0\u00bb always_center_on_mobile=\u00a0\u00bboff\u00a0\u00bb global_colors_info=\u00a0\u00bb{}\u00a0\u00bb url=\u00a0\u00bbhttps:\/\/www.amazon.fr\/dp\/B0CQXSXD5S\u00a0\u00bb sticky_enabled=\u00a0\u00bb0&Prime;][\/et_pb_image][\/et_pb_column][\/et_pb_row][\/et_pb_section][et_pb_section fb_built=\u00a0\u00bb1&Prime; admin_label=\u00a0\u00bbAbout\u00a0\u00bb _builder_version=\u00a0\u00bb4.16&Prime; global_colors_info=\u00a0\u00bb{}\u00a0\u00bb][et_pb_row column_structure=\u00a0\u00bb1_2,1_2&Prime; _builder_version=\u00a0\u00bb4.16&Prime; global_colors_info=\u00a0\u00bb{}\u00a0\u00bb][et_pb_column type=\u00a0\u00bb1_2&Prime; _builder_version=\u00a0\u00bb4.16&Prime; custom_padding=\u00a0\u00bb|||\u00a0\u00bb global_colors_info=\u00a0\u00bb{}\u00a0\u00bb custom_padding__hover=\u00a0\u00bb|||\u00a0\u00bb][et_pb_image src=\u00a0\u00bbhttps:\/\/www.locgeek.com\/wp-content\/uploads\/2021\/09\/Steam-Locomotive-with-Computer-Chip400px-150&#215;150.png\u00a0\u00bb title_text=\u00a0\u00bbSteam Locomotive with Computer Chip(400px)\u00a0\u00bb _builder_version=\u00a0\u00bb4.16&Prime; max_width=\u00a0\u00bb400px\u00a0\u00bb max_width_tablet=\u00a0\u00bb\u00a0\u00bb max_width_phone=\u00a0\u00bb\u00a0\u00bb max_width_last_edited=\u00a0\u00bbon|tablet\u00a0\u00bb module_alignment=\u00a0\u00bbright\u00a0\u00bb animation_direction=\u00a0\u00bbbottom\u00a0\u00bb always_center_on_mobile=\u00a0\u00bboff\u00a0\u00bb global_colors_info=\u00a0\u00bb{}\u00a0\u00bb][\/et_pb_image][et_pb_text _builder_version=\u00a0\u00bb4.16&Prime; header_font=\u00a0\u00bb||||||||\u00a0\u00bb header_2_font=\u00a0\u00bbMontserrat|800||on|||||\u00a0\u00bb header_2_text_color=\u00a0\u00bb#000000&Prime; header_2_font_size=\u00a0\u00bb60px\u00a0\u00bb header_2_line_height=\u00a0\u00bb1.2em\u00a0\u00bb max_width=\u00a0\u00bb400px\u00a0\u00bb max_width_tablet=\u00a0\u00bb\u00a0\u00bb max_width_phone=\u00a0\u00bb\u00a0\u00bb max_width_last_edited=\u00a0\u00bbon|tablet\u00a0\u00bb module_alignment=\u00a0\u00bbright\u00a0\u00bb header_2_font_size_tablet=\u00a0\u00bb40px\u00a0\u00bb header_2_font_size_phone=\u00a0\u00bb25px\u00a0\u00bb header_2_font_size_last_edited=\u00a0\u00bbon|desktop\u00a0\u00bb locked=\u00a0\u00bboff\u00a0\u00bb global_colors_info=\u00a0\u00bb{}\u00a0\u00bb]<\/p>\n<h2>A propos du livre<\/h2>\n<p>[\/et_pb_text][\/et_pb_column][et_pb_column type=\u00a0\u00bb1_2&Prime; _builder_version=\u00a0\u00bb4.16&Prime; custom_padding=\u00a0\u00bb|||\u00a0\u00bb global_colors_info=\u00a0\u00bb{}\u00a0\u00bb custom_padding__hover=\u00a0\u00bb|||\u00a0\u00bb][et_pb_text quote_border_weight=\u00a0\u00bb0px\u00a0\u00bb _builder_version=\u00a0\u00bb4.16&Prime; text_font=\u00a0\u00bb||||||||\u00a0\u00bb text_font_size=\u00a0\u00bb18px\u00a0\u00bb text_line_height=\u00a0\u00bb1.8em\u00a0\u00bb quote_font=\u00a0\u00bb|700|on||||||\u00a0\u00bb quote_text_align=\u00a0\u00bbright\u00a0\u00bb quote_text_color=\u00a0\u00bb#31d190&Prime; quote_font_size=\u00a0\u00bb24px\u00a0\u00bb custom_margin=\u00a0\u00bb-24px|-30px|60px|||\u00a0\u00bb custom_padding=\u00a0\u00bb|30px||\u00a0\u00bb text_font_size_tablet=\u00a0\u00bb16px\u00a0\u00bb text_font_size_phone=\u00a0\u00bb14px\u00a0\u00bb text_font_size_last_edited=\u00a0\u00bbon|phone\u00a0\u00bb text_line_height_tablet=\u00a0\u00bb1.8em\u00a0\u00bb text_line_height_phone=\u00a0\u00bb1.7em\u00a0\u00bb text_line_height_last_edited=\u00a0\u00bboff|phone\u00a0\u00bb locked=\u00a0\u00bboff\u00a0\u00bb global_colors_info=\u00a0\u00bb{}\u00a0\u00bb]<\/p>\n<p>J&rsquo;adore aider les amateurs de trains miniatures en num\u00e9rique, c&rsquo;est pour cela que ce blog existe. Mais le digital peut faire peur. DCC, CVs, boosters, d\u00e9codeurs, protoc\u00f4les&#8230; difficile quand on commence. Je l&rsquo;ai v\u00e9cu moi m\u00eame.<\/p>\n<p>C&rsquo;est pour cela que je suis ravis d&rsquo;avoir pris le temps de traduire mon guide &#8211; disponible en anglais depuis 2021 &#8211; en fran\u00e7ais \u00e9galement \ud83d\ude01<\/p>\n<p>[\/et_pb_text][\/et_pb_column][\/et_pb_row][et_pb_row column_structure=\u00a0\u00bb1_2,1_2&Prime; _builder_version=\u00a0\u00bb4.16&Prime; global_colors_info=\u00a0\u00bb{}\u00a0\u00bb][et_pb_column type=\u00a0\u00bb1_2&Prime; _builder_version=\u00a0\u00bb4.16&Prime; custom_padding=\u00a0\u00bb|||\u00a0\u00bb global_colors_info=\u00a0\u00bb{}\u00a0\u00bb custom_padding__hover=\u00a0\u00bb|||\u00a0\u00bb][et_pb_text quote_border_weight=\u00a0\u00bb0px\u00a0\u00bb _builder_version=\u00a0\u00bb4.16&Prime; text_font=\u00a0\u00bb||||||||\u00a0\u00bb text_font_size=\u00a0\u00bb18px\u00a0\u00bb text_line_height=\u00a0\u00bb1.8em\u00a0\u00bb quote_font=\u00a0\u00bb|700|on||||||\u00a0\u00bb quote_text_align=\u00a0\u00bbright\u00a0\u00bb quote_text_color=\u00a0\u00bb#31d190&Prime; quote_font_size=\u00a0\u00bb24px\u00a0\u00bb custom_margin=\u00a0\u00bb-24px|-30px|60px|||\u00a0\u00bb custom_padding=\u00a0\u00bb|30px||\u00a0\u00bb text_font_size_tablet=\u00a0\u00bb16px\u00a0\u00bb text_font_size_phone=\u00a0\u00bb14px\u00a0\u00bb text_font_size_last_edited=\u00a0\u00bbon|phone\u00a0\u00bb text_line_height_tablet=\u00a0\u00bb1.8em\u00a0\u00bb text_line_height_phone=\u00a0\u00bb1.7em\u00a0\u00bb text_line_height_last_edited=\u00a0\u00bboff|phone\u00a0\u00bb locked=\u00a0\u00bboff\u00a0\u00bb global_colors_info=\u00a0\u00bb{}\u00a0\u00bb]<\/p>\n<p>Trains miniatures: comprendre le digital, disponible aussi bien en livre papier qu&rsquo;en version \u00e9lectronique, r\u00e9sume le plus simplement possible les concepts importants du digital, avec des images et des sch\u00e9mas faciles.<\/p>\n<p>\u00c0 lire ou \u00e0 offrir quand on d\u00e9bute ,pour \u00e9quiper son r\u00e9seau, ou pour mieux suivre les articles de ce blog!<\/p>\n<p>[\/et_pb_text][\/et_pb_column][et_pb_column type=\u00a0\u00bb1_2&Prime; _builder_version=\u00a0\u00bb4.16&Prime; custom_padding=\u00a0\u00bb|||\u00a0\u00bb global_colors_info=\u00a0\u00bb{}\u00a0\u00bb custom_padding__hover=\u00a0\u00bb|||\u00a0\u00bb][et_pb_image src=\u00a0\u00bbhttps:\/\/www.locgeek.com\/wp-content\/uploads\/2023\/12\/3d-mockup-B-FR-1024&#215;805.png\u00a0\u00bb title_text=\u00a0\u00bb3d mockup B-FR\u00a0\u00bb _builder_version=\u00a0\u00bb4.23.1&Prime; _module_preset=\u00a0\u00bbdefault\u00a0\u00bb global_colors_info=\u00a0\u00bb{}\u00a0\u00bb][\/et_pb_image][\/et_pb_column][\/et_pb_row][\/et_pb_section]<\/p>\n","protected":false},"excerpt":{"rendered":"<p>Trains miniatures : comprendre le digital Le guide id\u00e9al pour d\u00e9buter et comprendre les concepts du digital, d\u00e9sormais en fran\u00e7ais aussi.Aussi disponible sur : A propos du livreJ&rsquo;adore aider les amateurs de trains miniatures en num\u00e9rique, c&rsquo;est pour cela que ce blog existe. Mais le digital peut faire peur. DCC, CVs, boosters, d\u00e9codeurs, protoc\u00f4les&#8230; difficile [&hellip;]<\/p>\n","protected":false},"author":2,"featured_media":5618,"parent":0,"menu_order":0,"comment_status":"closed","ping_status":"closed","template":"","meta":{"_et_pb_use_builder":"on","_et_pb_old_content":"","_et_gb_content_width":"","footnotes":""},"class_list":["post-24125","page","type-page","status-publish","has-post-thumbnail","hentry"],"_links":{"self":[{"href":"https:\/\/www.locgeek.com\/fr\/wp-json\/wp\/v2\/pages\/24125","targetHints":{"allow":["GET"]}}],"collection":[{"href":"https:\/\/www.locgeek.com\/fr\/wp-json\/wp\/v2\/pages"}],"about":[{"href":"https:\/\/www.locgeek.com\/fr\/wp-json\/wp\/v2\/types\/page"}],"author":[{"embeddable":true,"href":"https:\/\/www.locgeek.com\/fr\/wp-json\/wp\/v2\/users\/2"}],"replies":[{"embeddable":true,"href":"https:\/\/www.locgeek.com\/fr\/wp-json\/wp\/v2\/comments?post=24125"}],"version-history":[{"count":0,"href":"https:\/\/www.locgeek.com\/fr\/wp-json\/wp\/v2\/pages\/24125\/revisions"}],"wp:featuredmedia":[{"embeddable":true,"href":"https:\/\/www.locgeek.com\/fr\/wp-json\/wp\/v2\/media\/5618"}],"wp:attachment":[{"href":"https:\/\/www.locgeek.com\/fr\/wp-json\/wp\/v2\/media?parent=24125"}],"curies":[{"name":"wp","href":"https:\/\/api.w.org\/{rel}","templated":true}]}}