{"id":2310,"date":"2014-02-13T00:55:09","date_gmt":"2014-02-12T23:55:09","guid":{"rendered":"https:\/\/www.locgeek.com\/?page_id=2310"},"modified":"2023-11-24T12:09:07","modified_gmt":"2023-11-24T11:09:07","slug":"notes-legales-impressum","status":"publish","type":"page","link":"https:\/\/www.locgeek.com\/fr\/notes-legales-impressum\/","title":{"rendered":"Mentions l\u00e9gales"},"content":{"rendered":"<p style=\"text-align: justify;\">Ce site web est un blog personnel. Ces mentions l\u00e9gales ont pour but de prot\u00e9ger votre vie priv\u00e9e et ma responsabilit\u00e9 en tant que particulier.<\/p>\n<h3 style=\"text-align: justify;\">1) Responsabilit\u00e9 pour le contenu<\/h3>\n<p style=\"text-align: justify;\">Le contenu de ce site internet est compil\u00e9 avec la plus grande attention. Veuillez noter que j&rsquo;utilise parfois une assistance IA pour aider \u00e0 r\u00e9diger ou corriger certains contenus. Cependant, la majorit\u00e9 du contenu est cr\u00e9\u00e9e par moi, un humain passionn\u00e9, avec amour. Je n\u2019assume aucune responsabilit\u00e9 pour l\u2019exactitude, et la mise \u00e0 jour des donn\u00e9es pr\u00e9sent\u00e9es sur le site. Les tests et opinions publi\u00e9s sur ce site sont mes opinions personnelles, prot\u00e9g\u00e9es par les lois locales et internationales. Je ne peux assumer aucune responsabilit\u00e9 sur d\u2019\u00e9ventuels dommages mat\u00e9riels ou financiers r\u00e9sultant de l&rsquo;utilisation directe ou indirecte de ce site web. Je ne saurais \u00eatre responsable de la surveillance des contenus tiers pr\u00e9sents sur ce site. Cependant, toute violation signal\u00e9e sera supprim\u00e9e le plus rapidement possible. La responsabilit\u00e9 l\u00e9gale \u00e9ventuelle dans ces cas ne pourra alors courir qu\u2019\u00e0 partir du moment o\u00f9 la violation aura \u00e9t\u00e9 signal\u00e9e.<\/p>\n<h3 style=\"text-align: justify;\">2) Responsabilit\u00e9 pour les liens externes<\/h3>\n<p style=\"text-align: justify;\">Ce site web contient des liens vers des sites internet tiers. Je n\u2019ai aucune influence sur le contenu de ces sites web, et n\u2019accepte aucune responsabilit\u00e9 vis \u00e0 vis de ce contenu. Les sites tiers ajout\u00e9s en tant que lien sur ce site \u00e9tait conformes \u00e0 la loi au moment de l\u2019ajout du lien. Tout signalement d\u2019un site web li\u00e9 violant les lois en vigueur sera supprim\u00e9 promptement.<\/p>\n<h3 style=\"text-align: justify;\">3) Droits d\u2019auteur<\/h3>\n<a rel=\"license\" href=\"\/\/creativecommons.org\/licenses\/by-nc-sa\/4.0\/\"><img decoding=\"async\" alt=\"Licence Creative Commons\" style=\"border-width:0\" src=\"\/\/www.locgeek.com\/wp-content\/uploads\/2021\/01\/88x31.png\" \/><\/a><br \/>Ce site web et son contenu, sauf exception avec mention contraire, sont mis \u00e0 disposition selon les termes de la <a href=\"\/\/creativecommons.org\/licenses\/by-nc-nd\/4.0\/deed.fr\" rel=\"license\">License Creative Commons Attribution - Pas d'Utilisation Commerciale - Pas de Modification 4.0 International<\/a>.<\/p>\n<p><strong>Cela veut dire, entre autres, que vous n&rsquo;\u00eates PAS autoris\u00e9 \u00e0 utiliser quelconque partie de ce site web (incluant mais pas seulement textes, photos, vid\u00e9os&#8230;) pour toute utilisation commerciale sans mon accord express.<\/strong>\u00a0Je compile ce site web dans mon temps libre, et le fait avec plaisir. Donc, <b>je me r\u00e9serve le droit de r\u00e9clamer compensation &#8211; y compris par la voie l\u00e9gale et dans le cadre de la loi &#8211; pour toute utilisation commerciale sans mon accord.\u00a0<\/b>Les d\u00e9tails de la license font foi.<br \/>\nSi vous souhaitez lier du contenu pour une utilisation non commerciale et sans profit, n&rsquo;h\u00e9sitez pas \u00e0 m&rsquo;informer! Je ferai volontiers la m\u00eame chose!<\/p>\n<p>Veuillez noter que certains contenus pr\u00e9sent\u00e9s sur ce site Web, tels que des captures d&rsquo;\u00e9cran ou des images de produits, peuvent appartenir \u00e0 d&rsquo;autres entreprises. Ces mat\u00e9riaux sont utilis\u00e9s ici conform\u00e9ment aux lois sur l&rsquo;utilisation \u00e9quitable, qui permettent l&rsquo;utilisation limit\u00e9e de mat\u00e9riel prot\u00e9g\u00e9 par des droits d&rsquo;auteur sans n\u00e9cessiter la permission des d\u00e9tenteurs de droits, notamment pour des buts tels que la critique, le commentaire, le reportage, l&rsquo;enseignement, la recherche et l&rsquo;\u00e9tude.<\/p>\n<h3 style=\"text-align: justify;\">4) Protection des donn\u00e9es personnelles<\/h3>\n<h4>4.1) G\u00e9n\u00e9ralit\u00e9s<\/h4>\n<p style=\"text-align: justify;\">Une visite sur ce site web peut r\u00e9sulter dans le stockage d\u2019informations non nominales, notamment date, heure, pages visit\u00e9es. Veuillez noter qu\u2019il existe des risques inh\u00e9rents \u00e0 l\u2019utilisation de moyens de communication \u00e9lectroniques, via Internet ou par Email par exemple. Il est impossible de se pr\u00e9munir compl\u00e8tement contre d\u2019\u00e9ventuelles attaques tiers visant \u00e0 acc\u00e9der aux donn\u00e9es. Je ne peux donc assumer aucune responsabilit\u00e9 sur les dommages qui r\u00e9sulteraient d\u2019une telle attaque. Cependant, toutes les mesures raisonnables seront prises pour pr\u00e9server les donn\u00e9es et leur s\u00e9curit\u00e9.<br \/>\nToute r\u00e9cup\u00e9ration (manuelle ou automatique) et utilisation des donn\u00e9es personnelles pr\u00e9sentes sur ce site \u00e0 des fins marketing (notamment mais pas uniquement : spam) est express\u00e9ment exclue. Je me r\u00e9serve le droit de prendre des mesures l\u00e9gales en cas de non respect de ces termes.<\/p>\n<h4 style=\"text-align: justify;\">4.2) Analyse d&rsquo;audience<\/h4>\n<p>Ce site web utilise Matomo Analytics, un outil open source d&rsquo;analyse de l&rsquo;audience (<a href=\"https:\/\/matomo.org\/\" target=\"_blank\" rel=\"noopener\">https:\/\/matomo.org\/<\/a>), dans le but d&rsquo;am\u00e9liorer le contenu du site web en l&rsquo;adaptant aux usages constat\u00e9s.<\/p>\n<p style=\"text-align: justify;\">Des petits fichiers texte (\u00ab\u00a0Cookies\u00a0\u00bb) sont stock\u00e9s sur votre ordinateur pour permettre d&rsquo;analyser votre utilisation du site web. Les donn\u00e9s sont conserv\u00e9es localement, et ne sont transmises \u00e0 aucune tierce partie. L&rsquo;auteur se r\u00e9serve le droit de publier des statistiques d&rsquo;audience globales et anonymes.<\/p>\n<p style=\"text-align: justify;\">Analytics utilise des donn\u00e9es GeoLite cries par MaxMind, disponible depuis\u00a0<a href=\"http:\/\/www.maxmind.com\" target=\"_blank\" rel=\"noopener\">http:\/\/www.maxmind.com<\/a><\/p>\n<p style=\"text-align: justify;\">Bien que les statistiques soient importantes pour am\u00e9liorer le site, le respect des donn\u00e9es priv\u00e9es a priorit\u00e9. Vos visites ne seront pas suivies si vous avez activ\u00e9 l&rsquo;option \u00ab\u00a0do not track\u00a0\u00bb de votre navigateur internet.<\/p>\n<h4 style=\"text-align: justify;\">4.3) Commentaires utilisateurs<\/h4>\n<p style=\"text-align: justify;\">En commentant sur ce site vous acceptez que les donnez entr\u00e9es soient stock\u00e9es pour l&rsquo;affichage de vos commentaires. Vous conservez un droit d&rsquo;acc\u00e8s ou de modification \u00e0 tout moment sur ces donn\u00e9es.<\/p>\n<h3 style=\"text-align: justify;\">5) Contact<\/h3>\n<p style=\"text-align: justify;\">Pour toute autre question ou remarque sur ce site web, n&rsquo;h\u00e9sitez pas \u00e0 contacter l&rsquo;\u00e9diteur: pierre (mon pr\u00e9nom) arobase locgeek.com &#8211; soit via les r\u00e9seaux sociaux<\/p>\n","protected":false},"excerpt":{"rendered":"<p>Ce site web est un blog personnel. Ces mentions l\u00e9gales ont pour but de prot\u00e9ger votre vie priv\u00e9e et ma responsabilit\u00e9 en tant que particulier. 1) Responsabilit\u00e9 pour le contenu Le contenu de ce site internet est compil\u00e9 avec la plus grande attention. Veuillez noter que j&rsquo;utilise parfois une assistance IA pour aider \u00e0 r\u00e9diger [&hellip;]<\/p>\n","protected":false},"author":2,"featured_media":0,"parent":0,"menu_order":0,"comment_status":"closed","ping_status":"closed","template":"","meta":{"_et_pb_use_builder":"","_et_pb_old_content":"","_et_gb_content_width":"","footnotes":""},"class_list":["post-2310","page","type-page","status-publish","hentry"],"_links":{"self":[{"href":"https:\/\/www.locgeek.com\/fr\/wp-json\/wp\/v2\/pages\/2310","targetHints":{"allow":["GET"]}}],"collection":[{"href":"https:\/\/www.locgeek.com\/fr\/wp-json\/wp\/v2\/pages"}],"about":[{"href":"https:\/\/www.locgeek.com\/fr\/wp-json\/wp\/v2\/types\/page"}],"author":[{"embeddable":true,"href":"https:\/\/www.locgeek.com\/fr\/wp-json\/wp\/v2\/users\/2"}],"replies":[{"embeddable":true,"href":"https:\/\/www.locgeek.com\/fr\/wp-json\/wp\/v2\/comments?post=2310"}],"version-history":[{"count":0,"href":"https:\/\/www.locgeek.com\/fr\/wp-json\/wp\/v2\/pages\/2310\/revisions"}],"wp:attachment":[{"href":"https:\/\/www.locgeek.com\/fr\/wp-json\/wp\/v2\/media?parent=2310"}],"curies":[{"name":"wp","href":"https:\/\/api.w.org\/{rel}","templated":true}]}}